{"id":626,"date":"2020-11-18T09:59:38","date_gmt":"2020-11-18T08:59:38","guid":{"rendered":"https:\/\/consulta-medica-mallorca.com\/ueber-mich\/"},"modified":"2023-09-25T12:03:35","modified_gmt":"2023-09-25T10:03:35","slug":"ueber-mich","status":"publish","type":"page","link":"https:\/\/consulta-medica-mallorca.com\/es\/ueber-mich\/","title":{"rendered":"Sobre mi"},"content":{"rendered":"<p>[et_pb_section fb_built=\u00bb1&#8243; _builder_version=\u00bb4.16&#8243; _module_preset=\u00bbdefault\u00bb custom_margin=\u00bb-30px||||false|false\u00bb global_colors_info=\u00bb{}\u00bb][et_pb_row column_structure=\u00bb1_2,1_2&#8243; _builder_version=\u00bb4.16&#8243; _module_preset=\u00bbdefault\u00bb global_colors_info=\u00bb{}\u00bb][et_pb_column type=\u00bb1_2&#8243; _builder_version=\u00bb4.16&#8243; _module_preset=\u00bbdefault\u00bb global_colors_info=\u00bb{}\u00bb][et_pb_text _builder_version=\u00bb4.22.2&#8243; _module_preset=\u00bbdefault\u00bb text_font_size=\u00bb16px\u00bb global_colors_info=\u00bb{}\u00bb]<\/p>\n<h2>M\u00e9dico rural con pasi\u00f3n y tiempo para sus pacientes<\/h2>\n<p>[\/et_pb_text][et_pb_image src=\u00bbhttps:\/\/consulta-medica-mallorca.com\/wp-content\/uploads\/2023\/09\/Milanka_Kraemer_portrait.jpg\u00bb title_text=\u00bbMilanka_Kraemer_portrait\u00bb admin_label=\u00bbPortrait\u00bb _builder_version=\u00bb4.22.2&#8243; border_radii=\u00bbon|10px|10px|10px|10px\u00bb global_colors_info=\u00bb{}\u00bb][\/et_pb_image][\/et_pb_column][et_pb_column type=\u00bb1_2&#8243; _builder_version=\u00bb4.16&#8243; _module_preset=\u00bbdefault\u00bb global_colors_info=\u00bb{}\u00bb][et_pb_text _builder_version=\u00bb4.22.2&#8243; text_font=\u00bb||||||||\u00bb text_font_size=\u00bb16px\u00bb text_line_height=\u00bb1.8em\u00bb header_font=\u00bb||||||||\u00bb header_2_font=\u00bbWork Sans|700|||||||\u00bb header_2_font_size=\u00bb40px\u00bb header_2_line_height=\u00bb1.4em\u00bb text_font_size_tablet=\u00bb16px\u00bb text_font_size_phone=\u00bb14px\u00bb text_font_size_last_edited=\u00bbon|phone\u00bb header_2_font_size_tablet=\u00bb30px\u00bb header_2_font_size_phone=\u00bb22px\u00bb header_2_font_size_last_edited=\u00bbon|phone\u00bb global_colors_info=\u00bb{}\u00bb header_font_size__hover=\u00bb30px\u00bb header_font_size__hover_enabled=\u00bb30px\u00bb header_letter_spacing__hover=\u00bb0px\u00bb header_letter_spacing__hover_enabled=\u00bb0px\u00bb header_text_shadow_style__hover=\u00bbnone\u00bb header_text_shadow_style__hover_enabled=\u00bbnone\u00bb header_text_shadow_color__hover=\u00bbrgba(0,0,0,0.4)\u00bb header_text_shadow_color__hover_enabled=\u00bbrgba(0,0,0,0.4)\u00bb text_font_size__hover=\u00bb14px\u00bb text_font_size__hover_enabled=\u00bb14px\u00bb text_letter_spacing__hover=\u00bb0px\u00bb text_letter_spacing__hover_enabled=\u00bb0px\u00bb text_line_height__hover=\u00bb1.7em\u00bb text_line_height__hover_enabled=\u00bb1.7em\u00bb text_text_shadow_style__hover=\u00bbnone\u00bb text_text_shadow_style__hover_enabled=\u00bbnone\u00bb text_text_shadow_color__hover=\u00bbrgba(0,0,0,0.4)\u00bb text_text_shadow_color__hover_enabled=\u00bbrgba(0,0,0,0.4)\u00bb link_font_size__hover=\u00bb14px\u00bb link_font_size__hover_enabled=\u00bb14px\u00bb link_letter_spacing__hover=\u00bb0px\u00bb link_letter_spacing__hover_enabled=\u00bb0px\u00bb link_line_height__hover=\u00bb1em\u00bb link_line_height__hover_enabled=\u00bb1em\u00bb link_text_shadow_style__hover=\u00bbnone\u00bb link_text_shadow_style__hover_enabled=\u00bbnone\u00bb link_text_shadow_color__hover=\u00bbrgba(0,0,0,0.4)\u00bb link_text_shadow_color__hover_enabled=\u00bbrgba(0,0,0,0.4)\u00bb ul_font_size__hover=\u00bb14px\u00bb ul_font_size__hover_enabled=\u00bb14px\u00bb ul_letter_spacing__hover=\u00bb0px\u00bb ul_letter_spacing__hover_enabled=\u00bb0px\u00bb ul_line_height__hover=\u00bb1em\u00bb ul_line_height__hover_enabled=\u00bb1em\u00bb ul_text_shadow_style__hover=\u00bbnone\u00bb ul_text_shadow_style__hover_enabled=\u00bbnone\u00bb ul_text_shadow_color__hover=\u00bbrgba(0,0,0,0.4)\u00bb ul_text_shadow_color__hover_enabled=\u00bbrgba(0,0,0,0.4)\u00bb ol_font_size__hover=\u00bb14px\u00bb ol_font_size__hover_enabled=\u00bb14px\u00bb ol_letter_spacing__hover=\u00bb0px\u00bb ol_letter_spacing__hover_enabled=\u00bb0px\u00bb ol_line_height__hover=\u00bb1em\u00bb ol_line_height__hover_enabled=\u00bb1em\u00bb ol_text_shadow_style__hover=\u00bbnone\u00bb ol_text_shadow_style__hover_enabled=\u00bbnone\u00bb ol_text_shadow_color__hover=\u00bbrgba(0,0,0,0.4)\u00bb ol_text_shadow_color__hover_enabled=\u00bbrgba(0,0,0,0.4)\u00bb quote_font_size__hover=\u00bb14px\u00bb quote_font_size__hover_enabled=\u00bb14px\u00bb quote_letter_spacing__hover=\u00bb0px\u00bb quote_letter_spacing__hover_enabled=\u00bb0px\u00bb quote_line_height__hover=\u00bb1em\u00bb quote_line_height__hover_enabled=\u00bb1em\u00bb quote_text_shadow_style__hover=\u00bbnone\u00bb quote_text_shadow_style__hover_enabled=\u00bbnone\u00bb quote_text_shadow_color__hover=\u00bbrgba(0,0,0,0.4)\u00bb quote_text_shadow_color__hover_enabled=\u00bbrgba(0,0,0,0.4)\u00bb text_orientation__hover=\u00bbleft\u00bb text_orientation__hover_enabled=\u00bbleft\u00bb background_layout__hover=\u00bblight\u00bb background_layout__hover_enabled=\u00bblight\u00bb max_width__hover=\u00bb100%\u00bb max_width__hover_enabled=\u00bb100%\u00bb header_2_font_size__hover=\u00bb26px\u00bb header_2_font_size__hover_enabled=\u00bb26px\u00bb header_2_letter_spacing__hover=\u00bb0px\u00bb header_2_letter_spacing__hover_enabled=\u00bb0px\u00bb header_2_line_height__hover=\u00bb1em\u00bb header_2_line_height__hover_enabled=\u00bb1em\u00bb header_2_text_shadow_style__hover=\u00bbnone\u00bb header_2_text_shadow_style__hover_enabled=\u00bbnone\u00bb header_2_text_shadow_color__hover=\u00bbrgba(0,0,0,0.4)\u00bb header_2_text_shadow_color__hover_enabled=\u00bbrgba(0,0,0,0.4)\u00bb]<\/p>\n<p>Milanka Kraemer lleg\u00f3 a la\u00a0 preciosa isla de Mallorca hace m\u00e1s de 15 a\u00f1os. Vive con su marido y sus dos hijos en Llucmajor, en \u201csu tierra\u201d, como ella misma dice.<\/p>\n<p>En 2020, la Dra. Kraemer se hizo cargo de un consulta de Atenci\u00f3n primaria privada probada desde hace m\u00e1s de 20 a\u00f1os y conocida mucho m\u00e1s all\u00e1 de las fronteras locales, haciendo realidad su sue\u00f1o: \u201cuna m\u00e9dica rural con tiempo para sus pacientes\u201d.<\/p>\n<p>Tras finalizar sus estudios en la Universidad Heinrich Heine de D\u00fcsseldorf (Alemania) super\u00f3 el examen MIR y disfrut\u00f3 de una formaci\u00f3n especializada muy orientada a la pr\u00e1ctica en Medicina Familiar y Comunitaria en el Hospital Universitario Son Espases de Palma. Con rotaciones en var\u00e1s \u00e1reas como pediatr\u00eda, medicina paliativa, cardiolog\u00eda, gastroenterolog\u00eda, otorrinolaringolog\u00eda hasta ortopedia adem\u00e1s de experiencia como m\u00e9dico de urgencias.<\/p>\n<p>[\/et_pb_text][\/et_pb_column][\/et_pb_row][et_pb_row _builder_version=\u00bb4.22.2&#8243; _module_preset=\u00bbdefault\u00bb custom_margin=\u00bb-70px||50px||false|false\u00bb hover_enabled=\u00bb0&#8243; global_colors_info=\u00bb{}\u00bb sticky_enabled=\u00bb0&#8243;][et_pb_column type=\u00bb4_4&#8243; _builder_version=\u00bb4.16&#8243; _module_preset=\u00bbdefault\u00bb global_colors_info=\u00bb{}\u00bb][et_pb_text _builder_version=\u00bb4.22.2&#8243; text_font=\u00bb||||||||\u00bb text_font_size=\u00bb16px\u00bb text_line_height=\u00bb1.8em\u00bb header_font=\u00bb||||||||\u00bb header_2_font=\u00bbWork Sans|700|||||||\u00bb header_2_font_size=\u00bb40px\u00bb header_2_line_height=\u00bb1.4em\u00bb text_font_size_tablet=\u00bb16px\u00bb text_font_size_phone=\u00bb14px\u00bb text_font_size_last_edited=\u00bbon|phone\u00bb header_2_font_size_tablet=\u00bb30px\u00bb header_2_font_size_phone=\u00bb22px\u00bb header_2_font_size_last_edited=\u00bbon|phone\u00bb global_colors_info=\u00bb{}\u00bb header_font_size__hover=\u00bb30px\u00bb header_font_size__hover_enabled=\u00bb30px\u00bb header_letter_spacing__hover=\u00bb0px\u00bb header_letter_spacing__hover_enabled=\u00bb0px\u00bb header_text_shadow_style__hover=\u00bbnone\u00bb header_text_shadow_style__hover_enabled=\u00bbnone\u00bb header_text_shadow_color__hover=\u00bbrgba(0,0,0,0.4)\u00bb header_text_shadow_color__hover_enabled=\u00bbrgba(0,0,0,0.4)\u00bb text_font_size__hover=\u00bb14px\u00bb text_font_size__hover_enabled=\u00bb14px\u00bb text_letter_spacing__hover=\u00bb0px\u00bb text_letter_spacing__hover_enabled=\u00bb0px\u00bb text_line_height__hover=\u00bb1.7em\u00bb text_line_height__hover_enabled=\u00bb1.7em\u00bb text_text_shadow_style__hover=\u00bbnone\u00bb text_text_shadow_style__hover_enabled=\u00bbnone\u00bb text_text_shadow_color__hover=\u00bbrgba(0,0,0,0.4)\u00bb text_text_shadow_color__hover_enabled=\u00bbrgba(0,0,0,0.4)\u00bb link_font_size__hover=\u00bb14px\u00bb link_font_size__hover_enabled=\u00bb14px\u00bb link_letter_spacing__hover=\u00bb0px\u00bb link_letter_spacing__hover_enabled=\u00bb0px\u00bb link_line_height__hover=\u00bb1em\u00bb link_line_height__hover_enabled=\u00bb1em\u00bb link_text_shadow_style__hover=\u00bbnone\u00bb link_text_shadow_style__hover_enabled=\u00bbnone\u00bb link_text_shadow_color__hover=\u00bbrgba(0,0,0,0.4)\u00bb link_text_shadow_color__hover_enabled=\u00bbrgba(0,0,0,0.4)\u00bb ul_font_size__hover=\u00bb14px\u00bb ul_font_size__hover_enabled=\u00bb14px\u00bb ul_letter_spacing__hover=\u00bb0px\u00bb ul_letter_spacing__hover_enabled=\u00bb0px\u00bb ul_line_height__hover=\u00bb1em\u00bb ul_line_height__hover_enabled=\u00bb1em\u00bb ul_text_shadow_style__hover=\u00bbnone\u00bb ul_text_shadow_style__hover_enabled=\u00bbnone\u00bb ul_text_shadow_color__hover=\u00bbrgba(0,0,0,0.4)\u00bb ul_text_shadow_color__hover_enabled=\u00bbrgba(0,0,0,0.4)\u00bb ol_font_size__hover=\u00bb14px\u00bb ol_font_size__hover_enabled=\u00bb14px\u00bb ol_letter_spacing__hover=\u00bb0px\u00bb ol_letter_spacing__hover_enabled=\u00bb0px\u00bb ol_line_height__hover=\u00bb1em\u00bb ol_line_height__hover_enabled=\u00bb1em\u00bb ol_text_shadow_style__hover=\u00bbnone\u00bb ol_text_shadow_style__hover_enabled=\u00bbnone\u00bb ol_text_shadow_color__hover=\u00bbrgba(0,0,0,0.4)\u00bb ol_text_shadow_color__hover_enabled=\u00bbrgba(0,0,0,0.4)\u00bb quote_font_size__hover=\u00bb14px\u00bb quote_font_size__hover_enabled=\u00bb14px\u00bb quote_letter_spacing__hover=\u00bb0px\u00bb quote_letter_spacing__hover_enabled=\u00bb0px\u00bb quote_line_height__hover=\u00bb1em\u00bb quote_line_height__hover_enabled=\u00bb1em\u00bb quote_text_shadow_style__hover=\u00bbnone\u00bb quote_text_shadow_style__hover_enabled=\u00bbnone\u00bb quote_text_shadow_color__hover=\u00bbrgba(0,0,0,0.4)\u00bb quote_text_shadow_color__hover_enabled=\u00bbrgba(0,0,0,0.4)\u00bb text_orientation__hover=\u00bbleft\u00bb text_orientation__hover_enabled=\u00bbleft\u00bb background_layout__hover=\u00bblight\u00bb background_layout__hover_enabled=\u00bblight\u00bb max_width__hover=\u00bb100%\u00bb max_width__hover_enabled=\u00bb100%\u00bb header_2_font_size__hover=\u00bb26px\u00bb header_2_font_size__hover_enabled=\u00bb26px\u00bb header_2_letter_spacing__hover=\u00bb0px\u00bb header_2_letter_spacing__hover_enabled=\u00bb0px\u00bb header_2_line_height__hover=\u00bb1em\u00bb header_2_line_height__hover_enabled=\u00bb1em\u00bb header_2_text_shadow_style__hover=\u00bbnone\u00bb header_2_text_shadow_style__hover_enabled=\u00bbnone\u00bb header_2_text_shadow_color__hover=\u00bbrgba(0,0,0,0.4)\u00bb header_2_text_shadow_color__hover_enabled=\u00bbrgba(0,0,0,0.4)\u00bb]<\/p>\n<p>Adem\u00e1s de alem\u00e1n y castellano, tambi\u00e9n habla con fluidez ingl\u00e9s y catal\u00e1n.<\/p>\n<p>En sus modernas salas de tratamiento, combina procedimientos de tratamiento hol\u00edstico con los equipos t\u00e9cnicos m\u00e1s modernos (EKG, ultrasonido, pruebas de laboratorio&#8230;).<\/p>\n<p>[\/et_pb_text][\/et_pb_column][\/et_pb_row][et_pb_row _builder_version=\u00bb4.16&#8243; _module_preset=\u00bbdefault\u00bb custom_margin=\u00bb-30px||||false|false\u00bb global_colors_info=\u00bb{}\u00bb][et_pb_column type=\u00bb4_4&#8243; _builder_version=\u00bb4.16&#8243; _module_preset=\u00bbdefault\u00bb global_colors_info=\u00bb{}\u00bb][et_pb_text _builder_version=\u00bb4.16&#8243; text_font=\u00bb||||||||\u00bb text_font_size=\u00bb16px\u00bb text_line_height=\u00bb1.8em\u00bb header_font=\u00bb||||||||\u00bb header_2_font=\u00bbWork Sans|700|||||||\u00bb header_2_font_size=\u00bb40px\u00bb header_2_line_height=\u00bb1.4em\u00bb text_font_size_tablet=\u00bb16px\u00bb text_font_size_phone=\u00bb14px\u00bb text_font_size_last_edited=\u00bbon|phone\u00bb header_2_font_size_tablet=\u00bb30px\u00bb header_2_font_size_phone=\u00bb22px\u00bb header_2_font_size_last_edited=\u00bbon|phone\u00bb global_colors_info=\u00bb{}\u00bb header_font_size__hover=\u00bb30px\u00bb header_font_size__hover_enabled=\u00bb30px\u00bb header_letter_spacing__hover=\u00bb0px\u00bb header_letter_spacing__hover_enabled=\u00bb0px\u00bb header_text_shadow_style__hover=\u00bbnone\u00bb header_text_shadow_style__hover_enabled=\u00bbnone\u00bb header_text_shadow_color__hover=\u00bbrgba(0,0,0,0.4)\u00bb header_text_shadow_color__hover_enabled=\u00bbrgba(0,0,0,0.4)\u00bb text_font_size__hover=\u00bb14px\u00bb text_font_size__hover_enabled=\u00bb14px\u00bb text_letter_spacing__hover=\u00bb0px\u00bb text_letter_spacing__hover_enabled=\u00bb0px\u00bb text_line_height__hover=\u00bb1.7em\u00bb text_line_height__hover_enabled=\u00bb1.7em\u00bb text_text_shadow_style__hover=\u00bbnone\u00bb text_text_shadow_style__hover_enabled=\u00bbnone\u00bb text_text_shadow_color__hover=\u00bbrgba(0,0,0,0.4)\u00bb text_text_shadow_color__hover_enabled=\u00bbrgba(0,0,0,0.4)\u00bb link_font_size__hover=\u00bb14px\u00bb link_font_size__hover_enabled=\u00bb14px\u00bb link_letter_spacing__hover=\u00bb0px\u00bb link_letter_spacing__hover_enabled=\u00bb0px\u00bb link_line_height__hover=\u00bb1em\u00bb link_line_height__hover_enabled=\u00bb1em\u00bb link_text_shadow_style__hover=\u00bbnone\u00bb link_text_shadow_style__hover_enabled=\u00bbnone\u00bb link_text_shadow_color__hover=\u00bbrgba(0,0,0,0.4)\u00bb link_text_shadow_color__hover_enabled=\u00bbrgba(0,0,0,0.4)\u00bb ul_font_size__hover=\u00bb14px\u00bb ul_font_size__hover_enabled=\u00bb14px\u00bb ul_letter_spacing__hover=\u00bb0px\u00bb ul_letter_spacing__hover_enabled=\u00bb0px\u00bb ul_line_height__hover=\u00bb1em\u00bb ul_line_height__hover_enabled=\u00bb1em\u00bb ul_text_shadow_style__hover=\u00bbnone\u00bb ul_text_shadow_style__hover_enabled=\u00bbnone\u00bb ul_text_shadow_color__hover=\u00bbrgba(0,0,0,0.4)\u00bb ul_text_shadow_color__hover_enabled=\u00bbrgba(0,0,0,0.4)\u00bb ol_font_size__hover=\u00bb14px\u00bb ol_font_size__hover_enabled=\u00bb14px\u00bb ol_letter_spacing__hover=\u00bb0px\u00bb ol_letter_spacing__hover_enabled=\u00bb0px\u00bb ol_line_height__hover=\u00bb1em\u00bb ol_line_height__hover_enabled=\u00bb1em\u00bb ol_text_shadow_style__hover=\u00bbnone\u00bb ol_text_shadow_style__hover_enabled=\u00bbnone\u00bb ol_text_shadow_color__hover=\u00bbrgba(0,0,0,0.4)\u00bb ol_text_shadow_color__hover_enabled=\u00bbrgba(0,0,0,0.4)\u00bb quote_font_size__hover=\u00bb14px\u00bb quote_font_size__hover_enabled=\u00bb14px\u00bb quote_letter_spacing__hover=\u00bb0px\u00bb quote_letter_spacing__hover_enabled=\u00bb0px\u00bb quote_line_height__hover=\u00bb1em\u00bb quote_line_height__hover_enabled=\u00bb1em\u00bb quote_text_shadow_style__hover=\u00bbnone\u00bb quote_text_shadow_style__hover_enabled=\u00bbnone\u00bb quote_text_shadow_color__hover=\u00bbrgba(0,0,0,0.4)\u00bb quote_text_shadow_color__hover_enabled=\u00bbrgba(0,0,0,0.4)\u00bb text_orientation__hover=\u00bbleft\u00bb text_orientation__hover_enabled=\u00bbleft\u00bb background_layout__hover=\u00bblight\u00bb background_layout__hover_enabled=\u00bblight\u00bb max_width__hover=\u00bb100%\u00bb max_width__hover_enabled=\u00bb100%\u00bb header_2_font_size__hover=\u00bb26px\u00bb header_2_font_size__hover_enabled=\u00bb26px\u00bb header_2_letter_spacing__hover=\u00bb0px\u00bb header_2_letter_spacing__hover_enabled=\u00bb0px\u00bb header_2_line_height__hover=\u00bb1em\u00bb header_2_line_height__hover_enabled=\u00bb1em\u00bb header_2_text_shadow_style__hover=\u00bbnone\u00bb header_2_text_shadow_style__hover_enabled=\u00bbnone\u00bb header_2_text_shadow_color__hover=\u00bbrgba(0,0,0,0.4)\u00bb header_2_text_shadow_color__hover_enabled=\u00bbrgba(0,0,0,0.4)\u00bb]<\/p>\n<h5><span style=\"color: #a80465;\">Mi Curriculum Vitae:<\/span><\/h5>\n<p>&nbsp;<\/p>\n<ul>\n<li>05\/2014 hasta 07\/2019 Formaci\u00f3n <em>Especialista en Medicina Familiar y Comunitaria<\/em> (MIR)<\/li>\n<li><em>Hospital Universitario Son Espases<\/em> y <em>CS Son Serra &#8211; La Vileta<\/em>, Palma<\/li>\n<li>2014 Examen MIR<\/li>\n<li>07\/2013 hasta 02\/2014 Curso Intensivo MIR Asturias<\/li>\n<li>Estudio de Espa\u00f1ol como lengua extranjera, certificado DELE C1<\/li>\n<li>2006 hasta 2012 Estudio de Medicina<\/li>\n<li>2006 hasta 2012\u00a0<em>Universidad Heinrich-Heine<\/em> de D\u00fcsseldorf<\/li>\n<li>2004 hasta 2006 empleo como asistente veterinario<\/li>\n<li>2002 hasta 2004 formaci\u00f3n como asistente veterinario<\/li>\n<li>2001 Abitur en el Sigmund-Schuckert<\/li>\n<\/ul>\n<p>Idiomas extranjeros: Alem\u00e1n, Espa\u00f1ol, Ingl\u00e9s <br \/>Conocimientos b\u00e1sicos de Catal\u00e1n y Franc\u00e9s\u00a0<\/p>\n<p>Privado: Casada, 2 hijos<\/p>\n<p>[\/et_pb_text][\/et_pb_column][\/et_pb_row][\/et_pb_section][et_pb_section fb_built=\u00bb1&#8243; _builder_version=\u00bb4.16&#8243; _module_preset=\u00bbdefault\u00bb custom_margin=\u00bb-30px||||false|false\u00bb global_colors_info=\u00bb{}\u00bb][et_pb_row _builder_version=\u00bb4.16&#8243; _module_preset=\u00bbdefault\u00bb global_colors_info=\u00bb{}\u00bb][et_pb_column type=\u00bb4_4&#8243; _builder_version=\u00bb4.16&#8243; _module_preset=\u00bbdefault\u00bb global_colors_info=\u00bb{}\u00bb][et_pb_text _builder_version=\u00bb4.16&#8243; text_font=\u00bb||||||||\u00bb text_font_size=\u00bb16px\u00bb text_line_height=\u00bb1.5em\u00bb header_font=\u00bb||||||||\u00bb header_2_font=\u00bbWork Sans|700|||||||\u00bb header_2_font_size=\u00bb40px\u00bb header_2_line_height=\u00bb1.2em\u00bb max_width=\u00bb800px\u00bb text_font_size_tablet=\u00bb16px\u00bb text_font_size_phone=\u00bb16px\u00bb text_font_size_last_edited=\u00bboff|desktop\u00bb header_2_font_size_tablet=\u00bb30px\u00bb header_2_font_size_phone=\u00bb22px\u00bb header_2_font_size_last_edited=\u00bbon|phone\u00bb locked=\u00bboff\u00bb global_colors_info=\u00bb{}\u00bb header_font_size__hover=\u00bb30px\u00bb header_font_size__hover_enabled=\u00bb30px\u00bb header_letter_spacing__hover=\u00bb0px\u00bb header_letter_spacing__hover_enabled=\u00bb0px\u00bb header_text_shadow_style__hover=\u00bbnone\u00bb header_text_shadow_style__hover_enabled=\u00bbnone\u00bb header_text_shadow_color__hover=\u00bbrgba(0,0,0,0.4)\u00bb header_text_shadow_color__hover_enabled=\u00bbrgba(0,0,0,0.4)\u00bb text_font_size__hover=\u00bb14px\u00bb text_font_size__hover_enabled=\u00bb14px\u00bb text_letter_spacing__hover=\u00bb0px\u00bb text_letter_spacing__hover_enabled=\u00bb0px\u00bb text_line_height__hover=\u00bb1.7em\u00bb text_line_height__hover_enabled=\u00bb1.7em\u00bb text_text_shadow_style__hover=\u00bbnone\u00bb text_text_shadow_style__hover_enabled=\u00bbnone\u00bb text_text_shadow_color__hover=\u00bbrgba(0,0,0,0.4)\u00bb text_text_shadow_color__hover_enabled=\u00bbrgba(0,0,0,0.4)\u00bb link_font_size__hover=\u00bb14px\u00bb link_font_size__hover_enabled=\u00bb14px\u00bb link_letter_spacing__hover=\u00bb0px\u00bb link_letter_spacing__hover_enabled=\u00bb0px\u00bb link_line_height__hover=\u00bb1em\u00bb link_line_height__hover_enabled=\u00bb1em\u00bb link_text_shadow_style__hover=\u00bbnone\u00bb link_text_shadow_style__hover_enabled=\u00bbnone\u00bb link_text_shadow_color__hover=\u00bbrgba(0,0,0,0.4)\u00bb link_text_shadow_color__hover_enabled=\u00bbrgba(0,0,0,0.4)\u00bb ul_font_size__hover=\u00bb14px\u00bb ul_font_size__hover_enabled=\u00bb14px\u00bb ul_letter_spacing__hover=\u00bb0px\u00bb ul_letter_spacing__hover_enabled=\u00bb0px\u00bb ul_line_height__hover=\u00bb1em\u00bb ul_line_height__hover_enabled=\u00bb1em\u00bb ul_text_shadow_style__hover=\u00bbnone\u00bb ul_text_shadow_style__hover_enabled=\u00bbnone\u00bb ul_text_shadow_color__hover=\u00bbrgba(0,0,0,0.4)\u00bb ul_text_shadow_color__hover_enabled=\u00bbrgba(0,0,0,0.4)\u00bb ol_font_size__hover=\u00bb14px\u00bb ol_font_size__hover_enabled=\u00bb14px\u00bb ol_letter_spacing__hover=\u00bb0px\u00bb ol_letter_spacing__hover_enabled=\u00bb0px\u00bb ol_line_height__hover=\u00bb1em\u00bb ol_line_height__hover_enabled=\u00bb1em\u00bb ol_text_shadow_style__hover=\u00bbnone\u00bb ol_text_shadow_style__hover_enabled=\u00bbnone\u00bb ol_text_shadow_color__hover=\u00bbrgba(0,0,0,0.4)\u00bb ol_text_shadow_color__hover_enabled=\u00bbrgba(0,0,0,0.4)\u00bb quote_font_size__hover=\u00bb14px\u00bb quote_font_size__hover_enabled=\u00bb14px\u00bb quote_letter_spacing__hover=\u00bb0px\u00bb quote_letter_spacing__hover_enabled=\u00bb0px\u00bb quote_line_height__hover=\u00bb1em\u00bb quote_line_height__hover_enabled=\u00bb1em\u00bb quote_text_shadow_style__hover=\u00bbnone\u00bb quote_text_shadow_style__hover_enabled=\u00bbnone\u00bb quote_text_shadow_color__hover=\u00bbrgba(0,0,0,0.4)\u00bb quote_text_shadow_color__hover_enabled=\u00bbrgba(0,0,0,0.4)\u00bb text_orientation__hover=\u00bbleft\u00bb text_orientation__hover_enabled=\u00bbleft\u00bb background_layout__hover=\u00bblight\u00bb background_layout__hover_enabled=\u00bblight\u00bb max_width__hover=\u00bb100%\u00bb max_width__hover_enabled=\u00bb100%\u00bb]<\/p>\n<h4>Cont\u00e1cteme<\/h4>\n<p>Usted tiene alguna pregunta? Simplemente ll\u00e1menos o vis\u00edtenos durante el horario de atenci\u00f3n. \u00a1Estamos aqu\u00ed para ayudarle!<\/p>\n<p>C\u00f3mo encontrar la consulta y toda la informaci\u00f3n sobre c\u00f3mo contactarme:<\/p>\n<p>[\/et_pb_text][et_pb_button button_url=\u00bb@ET-DC@eyJkeW5hbWljIjp0cnVlLCJjb250ZW50IjoicG9zdF9saW5rX3VybF9wYWdlIiwic2V0dGluZ3MiOnsicG9zdF9pZCI6IjkxIn19@\u00bb button_text=\u00bbContacto y direcciones\u00bb _builder_version=\u00bb4.16&#8243; _dynamic_attributes=\u00bbbutton_url\u00bb custom_button=\u00bbon\u00bb button_text_size=\u00bb16px\u00bb button_text_color=\u00bb#ffffff\u00bb button_bg_color=\u00bb#6c6f70&#8243; button_border_width=\u00bb0px\u00bb button_border_color=\u00bbrgba(0,0,0,0)\u00bb button_border_radius=\u00bb5px\u00bb button_letter_spacing=\u00bb2px\u00bb button_font=\u00bb|600||on|||||\u00bb button_use_icon=\u00bboff\u00bb custom_padding=\u00bb10px|30px|10px|30px|true|true\u00bb locked=\u00bboff\u00bb global_colors_info=\u00bb{}\u00bb button_bg_color__hover_enabled=\u00bbon|hover\u00bb button_bg_color__hover=\u00bb#949a90&#8243; button_bg_enable_color__hover=\u00bbon\u00bb][\/et_pb_button][\/et_pb_column][\/et_pb_row][\/et_pb_section]<\/p>\n","protected":false},"excerpt":{"rendered":"<p>M\u00e9dico rural con pasi\u00f3n y tiempo para sus pacientesMilanka Kraemer lleg\u00f3 a la\u00a0 preciosa isla de Mallorca hace m\u00e1s de 15 a\u00f1os. Vive con su marido y sus dos hijos en Llucmajor, en \u201csu tierra\u201d, como ella misma dice. En 2020, la Dra. Kraemer se hizo cargo de un consulta de Atenci\u00f3n primaria privada probada [&hellip;]<\/p>\n","protected":false},"author":1,"featured_media":0,"parent":0,"menu_order":0,"comment_status":"closed","ping_status":"closed","template":"","meta":{"_et_pb_use_builder":"on","_et_pb_old_content":"","_et_gb_content_width":"","footnotes":""},"class_list":["post-626","page","type-page","status-publish","hentry"],"aioseo_notices":[],"_links":{"self":[{"href":"https:\/\/consulta-medica-mallorca.com\/es\/wp-json\/wp\/v2\/pages\/626","targetHints":{"allow":["GET"]}}],"collection":[{"href":"https:\/\/consulta-medica-mallorca.com\/es\/wp-json\/wp\/v2\/pages"}],"about":[{"href":"https:\/\/consulta-medica-mallorca.com\/es\/wp-json\/wp\/v2\/types\/page"}],"author":[{"embeddable":true,"href":"https:\/\/consulta-medica-mallorca.com\/es\/wp-json\/wp\/v2\/users\/1"}],"replies":[{"embeddable":true,"href":"https:\/\/consulta-medica-mallorca.com\/es\/wp-json\/wp\/v2\/comments?post=626"}],"version-history":[{"count":5,"href":"https:\/\/consulta-medica-mallorca.com\/es\/wp-json\/wp\/v2\/pages\/626\/revisions"}],"predecessor-version":[{"id":1158,"href":"https:\/\/consulta-medica-mallorca.com\/es\/wp-json\/wp\/v2\/pages\/626\/revisions\/1158"}],"wp:attachment":[{"href":"https:\/\/consulta-medica-mallorca.com\/es\/wp-json\/wp\/v2\/media?parent=626"}],"curies":[{"name":"wp","href":"https:\/\/api.w.org\/{rel}","templated":true}]}}