{"id":326,"date":"2020-11-18T09:59:02","date_gmt":"2020-11-18T08:59:02","guid":{"rendered":"https:\/\/consulta-medica-mallorca.com\/impressum\/"},"modified":"2025-07-15T08:03:27","modified_gmt":"2025-07-15T06:03:27","slug":"impressum","status":"publish","type":"page","link":"https:\/\/consulta-medica-mallorca.com\/es\/impressum\/","title":{"rendered":"Aviso legal"},"content":{"rendered":"<h2>Aviso legal<\/h2>\n<p>Consulta M\u00e9dica Mallorca<\/p>\n<p>Ronda Migjorn 95<\/p>\n<p>07620 Llucmajor- Espa\u00f1a<\/p>\n<p>Tel\u00e9fono: +34971120737<\/p>\n<p>Correo electr\u00f3nico: info@consulta-medica-mallorca.com<\/p>\n<p>N\u00famero de identificaci\u00f3n fiscal sobre las ventas: ESX7864927P<\/p>\n<p>Colegiado: 070709870<\/p>\n<p>Sala: Colegio de Medicos Palma<\/p>\n<p>&nbsp;<\/p>\n<h2>Responsabilidad &#8211; informaci\u00f3n legal<\/h2>\n<h5>1 Advertencia sobre el contenido<\/h5>\n<p>El contenido gratuito y de libre acceso de este sitio web fue creado con el mayor cuidado posible. Sin embargo, el proveedor de este sitio web no garantiza la exactitud y actualidad de los consejos y noticias period\u00edsticos gratuitos y de libre acceso proporcionados. Las contribuciones marcadas por nombre reflejan la opini\u00f3n del autor respectivo y no siempre la opini\u00f3n del proveedor. Con la simple invocaci\u00f3n de los contenidos gratuitos y de libre acceso, no se establece relaci\u00f3n contractual entre usuario y prestador, en la medida en que el prestador carece de voluntad de estar legalmente vinculado.<\/p>\n<h5>2 Enlaces externos<\/h5>\n<p>Este sitio web contiene enlaces a sitios web de terceros (\u00abenlaces externos\u00bb). Estos sitios web son responsabilidad de los respectivos operadores. Cuando se establecieron por primera vez los enlaces externos, el proveedor verific\u00f3 el contenido de terceros en busca de violaciones legales. En ese momento, no se observaron violaciones legales. El proveedor no tiene ninguna influencia sobre el dise\u00f1o y contenido actual y futuro de las p\u00e1ginas enlazadas. La configuraci\u00f3n de enlaces externos no significa que el proveedor adopte el contenido detr\u00e1s de la referencia o enlace como propio. El monitoreo constante de los enlaces externos no es razonable para el proveedor sin evidencia concreta de violaciones legales. Si tenemos conocimiento de violaciones legales, dichos enlaces externos se eliminar\u00e1n de inmediato.<\/p>\n<h5>3 Copyright y derechos de autor auxiliares<\/h5>\n<p>El contenido publicado en este sitio web est\u00e1 sujeto a derechos de autor alemanes y derechos de autor auxiliares. Cualquier uso no permitido por los derechos de autor alemanes y las leyes de derechos de autor auxiliares requiere el consentimiento previo por escrito del proveedor o del titular de los derechos respectivos. Esto se aplica en particular a la duplicaci\u00f3n, edici\u00f3n, traducci\u00f3n, almacenamiento, procesamiento o reproducci\u00f3n de contenido en bases de datos u otros medios y sistemas electr\u00f3nicos. Los contenidos y derechos de terceros est\u00e1n marcados como tales. La duplicaci\u00f3n o distribuci\u00f3n no autorizada de contenido individual o p\u00e1ginas completas no est\u00e1 permitida y es punible. Solo se permite la producci\u00f3n de copias y descargas para uso personal, privado y no comercial.<\/p>\n<p>La presentaci\u00f3n de este sitio web en marcos externos solo est\u00e1 permitida con permiso por escrito.<\/p>\n<p>Todas las fotograf\u00edas de este sitio web fueron tomadas por DEUXQUINZE en Llucmajor y se pusieron a nuestra disposici\u00f3n para su uso. La foto del Ball de Bot proviene de la Escola de Ball de Bot Calabruix y se nos facilit\u00f3 de forma gratuita.<\/p>\n<h5>4 Condiciones especiales de uso<\/h5>\n<p>En la medida en que las condiciones especiales para los usos individuales de este sitio web se desv\u00eden de los p\u00e1rrafos anteriores, esto se indica expresamente en el punto correspondiente. En este caso, las condiciones especiales de uso se aplican en cada caso individual.<\/p>\n<p>&nbsp;<\/p>\n<p>&nbsp;<\/p>\n","protected":false},"excerpt":{"rendered":"<p>Aviso legal Consulta M\u00e9dica Mallorca Ronda Migjorn 95 07620 Llucmajor- Espa\u00f1a Tel\u00e9fono: +34971120737 Correo electr\u00f3nico: info@consulta-medica-mallorca.com N\u00famero de identificaci\u00f3n fiscal sobre las ventas: ESX7864927P Colegiado: 070709870 Sala: Colegio de Medicos Palma &nbsp; Responsabilidad &#8211; informaci\u00f3n legal 1 Advertencia sobre el contenido El contenido gratuito y de libre acceso de este sitio web fue creado con [&hellip;]<\/p>\n","protected":false},"author":1,"featured_media":0,"parent":0,"menu_order":0,"comment_status":"closed","ping_status":"closed","template":"","meta":{"_et_pb_use_builder":"","_et_pb_old_content":"","_et_gb_content_width":"","footnotes":""},"class_list":["post-326","page","type-page","status-publish","hentry"],"aioseo_notices":[],"_links":{"self":[{"href":"https:\/\/consulta-medica-mallorca.com\/es\/wp-json\/wp\/v2\/pages\/326","targetHints":{"allow":["GET"]}}],"collection":[{"href":"https:\/\/consulta-medica-mallorca.com\/es\/wp-json\/wp\/v2\/pages"}],"about":[{"href":"https:\/\/consulta-medica-mallorca.com\/es\/wp-json\/wp\/v2\/types\/page"}],"author":[{"embeddable":true,"href":"https:\/\/consulta-medica-mallorca.com\/es\/wp-json\/wp\/v2\/users\/1"}],"replies":[{"embeddable":true,"href":"https:\/\/consulta-medica-mallorca.com\/es\/wp-json\/wp\/v2\/comments?post=326"}],"version-history":[{"count":2,"href":"https:\/\/consulta-medica-mallorca.com\/es\/wp-json\/wp\/v2\/pages\/326\/revisions"}],"predecessor-version":[{"id":1279,"href":"https:\/\/consulta-medica-mallorca.com\/es\/wp-json\/wp\/v2\/pages\/326\/revisions\/1279"}],"wp:attachment":[{"href":"https:\/\/consulta-medica-mallorca.com\/es\/wp-json\/wp\/v2\/media?parent=326"}],"curies":[{"name":"wp","href":"https:\/\/api.w.org\/{rel}","templated":true}]}}